{"id":2642,"date":"2023-05-02T08:54:41","date_gmt":"2023-05-02T06:54:41","guid":{"rendered":"https:\/\/findoornordics.devnettisivu.net\/tyopaikat\/"},"modified":"2025-06-18T10:22:55","modified_gmt":"2025-06-18T08:22:55","slug":"jobb","status":"publish","type":"page","link":"https:\/\/findoor.fi\/sv\/jobb\/","title":{"rendered":"Jobb"},"content":{"rendered":"<p>[et_pb_section fb_built=&#8221;1&#8243; custom_padding_last_edited=&#8221;on|phone&#8221; admin_label=&#8221;Alasivun otsikko&#8221; _builder_version=&#8221;4.21.0&#8243; background_enable_color=&#8221;off&#8221; background_image=&#8221;https:\/\/findoor.fi\/wp-content\/uploads\/2023\/04\/GOPR0026-scaled.jpg&#8221; parallax=&#8221;on&#8221; positioning=&#8221;none&#8221; custom_margin=&#8221;-16vh||10px||false|false&#8221; custom_margin_tablet=&#8221;-16vh||||false|false&#8221; custom_margin_phone=&#8221;-80px||||false|false&#8221; custom_margin_last_edited=&#8221;on|phone&#8221; custom_padding=&#8221;43vh||34vh||false|false&#8221; custom_padding_tablet=&#8221;33vh||14vh||false|false&#8221; custom_padding_phone=&#8221;25vh||||false|false&#8221; locked=&#8221;off&#8221; global_colors_info=&#8221;{}&#8221;][et_pb_row _builder_version=&#8221;4.19.5&#8243; custom_padding=&#8221;44px|||||&#8221; global_colors_info=&#8221;{}&#8221;][et_pb_column type=&#8221;4_4&#8243; _builder_version=&#8221;4.16&#8243; global_colors_info=&#8221;{}&#8221;][et_pb_text _builder_version=&#8221;4.24.2&#8243; header_font=&#8221;|800|||||||&#8221; header_text_align=&#8221;center&#8221; header_text_color=&#8221;#ffffff&#8221; header_font_size=&#8221;4vw&#8221; custom_margin=&#8221;||12px|||&#8221; header_font_size_tablet=&#8221;54px&#8221; header_font_size_phone=&#8221;10vw&#8221; header_font_size_last_edited=&#8221;on|desktop&#8221; header_text_shadow_style=&#8221;preset3&#8243; header_text_shadow_blur_strength=&#8221;0.13em&#8221; header_text_shadow_color=&#8221;rgba(0,0,0,0.37)&#8221; global_colors_info=&#8221;{}&#8221;]<\/p>\n<h1>Findoors jobb<\/h1>\n<p>[\/et_pb_text][\/et_pb_column][\/et_pb_row][\/et_pb_section][et_pb_section fb_built=&#8221;1&#8243; custom_padding_last_edited=&#8221;on|phone&#8221; admin_label=&#8221;Valkea osio&#8221; _builder_version=&#8221;4.27.4&#8243; background_color=&#8221;#FFFFFF&#8221; custom_padding=&#8221;7vh||7vh||true|false&#8221; custom_padding_tablet=&#8221;4vh||4vh||true|false&#8221; custom_padding_phone=&#8221;3vh||3vh||true|false&#8221; global_colors_info=&#8221;{}&#8221;][et_pb_row column_structure=&#8221;3_5,2_5&#8243; _builder_version=&#8221;4.27.4&#8243; global_colors_info=&#8221;{}&#8221;][et_pb_column type=&#8221;3_5&#8243; _builder_version=&#8221;4.16&#8243; global_colors_info=&#8221;{}&#8221;][et_pb_text _builder_version=&#8221;4.27.4&#8243; header_font_size=&#8221;34px&#8221; header_2_font=&#8221;|800|||||||&#8221; header_2_text_color=&#8221;gcid-43508936-0565-4258-b9b9-165d4cc484fd&#8221; header_2_font_size=&#8221;30px&#8221; custom_margin=&#8221;||10px|||&#8221; global_colors_info=&#8221;{%22gcid-43508936-0565-4258-b9b9-165d4cc484fd%22:%91%22header_2_text_color%22%93}&#8221;]<\/p>\n<h2 style=\"text-align: left;\">Vi s\u00f6ker alltid efter duktiga medarbetare till v\u00e5rt team!<\/h2>\n<p>[\/et_pb_text][et_pb_text _builder_version=&#8221;4.27.4&#8243; hover_enabled=&#8221;0&#8243; global_colors_info=&#8221;{}&#8221; sticky_enabled=&#8221;0&#8243;]<\/p>\n<h2>Spontanans\u00f6kan<\/h2>\n<p>Vi s\u00f6ker alltid efter medarbetare med r\u00e4tt inst\u00e4llning till v\u00e5rt team, som vill vara med och revolutionera d\u00f6rrv\u00e4rlden med sitt bidrag.<\/p>\n<p>Ans\u00f6ka via formul\u00e4ret nedan.<\/p>\n<p>[\/et_pb_text][et_pb_button button_url=&#8221;#hae&#8221; button_text=&#8221;G\u00f6r en ans\u00f6kan!&#8221; button_alignment=&#8221;center&#8221; button_alignment_tablet=&#8221;center&#8221; button_alignment_phone=&#8221;center&#8221; button_alignment_last_edited=&#8221;off|desktop&#8221; _builder_version=&#8221;4.24.2&#8243; global_colors_info=&#8221;{}&#8221;][\/et_pb_button][\/et_pb_column][et_pb_column type=&#8221;2_5&#8243; _builder_version=&#8221;4.16&#8243; global_colors_info=&#8221;{}&#8221;][et_pb_image src=&#8221;https:\/\/findoor.fi\/wp-content\/uploads\/2023\/06\/P8162721-scaled.jpg&#8221; alt=&#8221;man in gray t-shirt working remotely on a laptop&#8221; title_text=&#8221;P8162721&#8243; _builder_version=&#8221;4.21.0&#8243; box_shadow_style=&#8221;preset4&#8243; box_shadow_horizontal=&#8221;25px&#8221; box_shadow_color=&#8221;gcid-43508936-0565-4258-b9b9-165d4cc484fd&#8221; global_colors_info=&#8221;{%22gcid-43508936-0565-4258-b9b9-165d4cc484fd%22:%91%22box_shadow_color%22%93}&#8221;][\/et_pb_image][\/et_pb_column][\/et_pb_row][\/et_pb_section][et_pb_section fb_built=&#8221;1&#8243; custom_padding_last_edited=&#8221;on|tablet&#8221; admin_label=&#8221;Missio Valkea osio&#8221; module_id=&#8221;hae&#8221; _builder_version=&#8221;4.21.0&#8243; background_color=&#8221;gcid-d39821b6-1a81-4642-8a2c-3e56d09ce01d&#8221; custom_padding=&#8221;4vh||0vh||false|false&#8221; custom_padding_tablet=&#8221;0vh||0vh||true|false&#8221; custom_padding_phone=&#8221;0vh||0vh||true|false&#8221; global_colors_info=&#8221;{}&#8221;][et_pb_row _builder_version=&#8221;4.21.0&#8243; width=&#8221;93%&#8221; width_tablet=&#8221;100%&#8221; width_phone=&#8221;100%&#8221; width_last_edited=&#8221;on|desktop&#8221; max_width=&#8221;none&#8221; custom_padding=&#8221;0px||17px|||&#8221; global_colors_info=&#8221;{}&#8221;][et_pb_column type=&#8221;4_4&#8243; _builder_version=&#8221;4.20.4&#8243; background_color=&#8221;#013365&#8243; custom_padding=&#8221;30px|5%|30px|5%|true|false&#8221; global_colors_info=&#8221;{%22gcid-d39821b6-1a81-4642-8a2c-3e56d09ce01d%22:%91%22background_color%22%93}&#8221;][et_pb_text _builder_version=&#8221;4.24.2&#8243; header_font_size=&#8221;34px&#8221; header_2_font=&#8221;|800|||||||&#8221; header_2_text_color=&#8221;#FFFFFF&#8221; max_width=&#8221;500px&#8221; module_alignment=&#8221;center&#8221; custom_margin=&#8221;||10px|||&#8221; global_colors_info=&#8221;{}&#8221;]<\/p>\n<h2>Vi ser fram emot din ans\u00f6kan!<\/h2>\n<p>[\/et_pb_text][et_pb_contact_form captcha=&#8221;off&#8221; email=&#8221;Findoor@Findoor.fi&#8221; custom_message=&#8221;Uusi ty\u00f6hakemus Findoor Nordics (ruotsinkieliselt\u00e4) sivulta.||et_pb_line_break_holder||||et_pb_line_break_holder||Name: %%Name%%||et_pb_line_break_holder||Phone Number: %%Puhelinnumero%%||et_pb_line_break_holder||Email: %%Email%%||et_pb_line_break_holder||||et_pb_line_break_holder||About:||et_pb_line_break_holder||%%Message%%||et_pb_line_break_holder||||et_pb_line_break_holder||CV: %%Field_6_2%%&#8221; module_id=&#8221;et_pb_contact_form_0&#8243; _builder_version=&#8221;4.27.4&#8243; _unique_id=&#8221;9e0ba8d1-792a-4144-96f3-e7b1b9f20a37&#8243; form_field_background_color=&#8221;#FFFFFF&#8221; form_field_text_color=&#8221;#000000&#8243; max_width=&#8221;500px&#8221; module_alignment=&#8221;center&#8221; saved_tabs=&#8221;all&#8221; global_colors_info=&#8221;{}&#8221; button_bg_color__hover_enabled=&#8221;on|hover&#8221; button_bg_color__hover=&#8221;#FFFFFF&#8221; button_bg_enable_color__hover=&#8221;on&#8221;][et_pb_contact_field field_id=&#8221;Name&#8221; field_title=&#8221;Namn&#8221; fullwidth_field=&#8221;on&#8221; _builder_version=&#8221;4.24.0&#8243; global_colors_info=&#8221;{}&#8221; button_text_size__hover_enabled=&#8221;off&#8221; button_one_text_size__hover_enabled=&#8221;off&#8221; button_two_text_size__hover_enabled=&#8221;off&#8221; button_text_color__hover_enabled=&#8221;off&#8221; button_one_text_color__hover_enabled=&#8221;off&#8221; button_two_text_color__hover_enabled=&#8221;off&#8221; button_border_width__hover_enabled=&#8221;off&#8221; button_one_border_width__hover_enabled=&#8221;off&#8221; button_two_border_width__hover_enabled=&#8221;off&#8221; button_border_color__hover_enabled=&#8221;off&#8221; button_one_border_color__hover_enabled=&#8221;off&#8221; button_two_border_color__hover_enabled=&#8221;off&#8221; button_border_radius__hover_enabled=&#8221;off&#8221; button_one_border_radius__hover_enabled=&#8221;off&#8221; button_two_border_radius__hover_enabled=&#8221;off&#8221; button_letter_spacing__hover_enabled=&#8221;off&#8221; button_one_letter_spacing__hover_enabled=&#8221;off&#8221; button_two_letter_spacing__hover_enabled=&#8221;off&#8221; button_bg_color__hover_enabled=&#8221;off&#8221; button_one_bg_color__hover_enabled=&#8221;off&#8221; button_two_bg_color__hover_enabled=&#8221;off&#8221;][\/et_pb_contact_field][et_pb_contact_field field_id=&#8221;Puhelinnumero&#8221; field_title=&#8221;Telefonnummer&#8221; fullwidth_field=&#8221;on&#8221; _builder_version=&#8221;4.24.0&#8243; global_colors_info=&#8221;{}&#8221;][\/et_pb_contact_field][et_pb_contact_field field_id=&#8221;Email&#8221; field_title=&#8221;Epost&#8221; field_type=&#8221;email&#8221; fullwidth_field=&#8221;on&#8221; _builder_version=&#8221;4.24.0&#8243; global_colors_info=&#8221;{}&#8221; button_text_size__hover_enabled=&#8221;off&#8221; button_one_text_size__hover_enabled=&#8221;off&#8221; button_two_text_size__hover_enabled=&#8221;off&#8221; button_text_color__hover_enabled=&#8221;off&#8221; button_one_text_color__hover_enabled=&#8221;off&#8221; button_two_text_color__hover_enabled=&#8221;off&#8221; button_border_width__hover_enabled=&#8221;off&#8221; button_one_border_width__hover_enabled=&#8221;off&#8221; button_two_border_width__hover_enabled=&#8221;off&#8221; button_border_color__hover_enabled=&#8221;off&#8221; button_one_border_color__hover_enabled=&#8221;off&#8221; button_two_border_color__hover_enabled=&#8221;off&#8221; button_border_radius__hover_enabled=&#8221;off&#8221; button_one_border_radius__hover_enabled=&#8221;off&#8221; button_two_border_radius__hover_enabled=&#8221;off&#8221; button_letter_spacing__hover_enabled=&#8221;off&#8221; button_one_letter_spacing__hover_enabled=&#8221;off&#8221; button_two_letter_spacing__hover_enabled=&#8221;off&#8221; button_bg_color__hover_enabled=&#8221;off&#8221; button_one_bg_color__hover_enabled=&#8221;off&#8221; button_two_bg_color__hover_enabled=&#8221;off&#8221;][\/et_pb_contact_field][et_pb_contact_field field_id=&#8221;Paikkakunta&#8221; field_title=&#8221;Bel\u00e4genhet&#8221; fullwidth_field=&#8221;on&#8221; _builder_version=&#8221;4.24.0&#8243; _module_preset=&#8221;default&#8221; global_colors_info=&#8221;{}&#8221;][\/et_pb_contact_field][et_pb_contact_field field_id=&#8221;Message&#8221; field_title=&#8221;Ber\u00e4tta om dig sj\u00e4lv&#8221; field_type=&#8221;text&#8221; fullwidth_field=&#8221;on&#8221; _builder_version=&#8221;4.24.0&#8243; global_colors_info=&#8221;{}&#8221; button_text_size__hover_enabled=&#8221;off&#8221; button_one_text_size__hover_enabled=&#8221;off&#8221; button_two_text_size__hover_enabled=&#8221;off&#8221; button_text_color__hover_enabled=&#8221;off&#8221; button_one_text_color__hover_enabled=&#8221;off&#8221; button_two_text_color__hover_enabled=&#8221;off&#8221; button_border_width__hover_enabled=&#8221;off&#8221; button_one_border_width__hover_enabled=&#8221;off&#8221; button_two_border_width__hover_enabled=&#8221;off&#8221; button_border_color__hover_enabled=&#8221;off&#8221; button_one_border_color__hover_enabled=&#8221;off&#8221; button_two_border_color__hover_enabled=&#8221;off&#8221; button_border_radius__hover_enabled=&#8221;off&#8221; button_one_border_radius__hover_enabled=&#8221;off&#8221; button_two_border_radius__hover_enabled=&#8221;off&#8221; button_letter_spacing__hover_enabled=&#8221;off&#8221; button_one_letter_spacing__hover_enabled=&#8221;off&#8221; button_two_letter_spacing__hover_enabled=&#8221;off&#8221; button_bg_color__hover_enabled=&#8221;off&#8221; button_one_bg_color__hover_enabled=&#8221;off&#8221; button_two_bg_color__hover_enabled=&#8221;off&#8221;][\/et_pb_contact_field][et_pb_contact_field field_id=&#8221;Field_6&#8243; field_title=&#8221; &#8221; field_type=&#8221;radio&#8221; radio_options=&#8221;%91{%22value%22:%22Jag godk\u00e4nner anv\u00e4ndningen av personuppgifter enligt integritetspolicyn%22,%22checked%22:0,%22dragID%22:-1,%22link_url%22:%22\/sv\/integritetspolicy\/%22}%93&#8243; fullwidth_field=&#8221;on&#8221; _builder_version=&#8221;4.27.4&#8243; _module_preset=&#8221;default&#8221; form_field_background_color=&#8221;gcid-43508936-0565-4258-b9b9-165d4cc484fd&#8221; form_field_text_color=&#8221;#FFFFFF&#8221; custom_css_main_element=&#8221;color:white;&#8221; global_colors_info=&#8221;{%22gcid-43508936-0565-4258-b9b9-165d4cc484fd%22:%91%22form_field_background_color%22%93}&#8221;][\/et_pb_contact_field][et_pb_contact_field field_id=&#8221;Field_6_2&#8243; field_title=&#8221;Jag skickar mitt CV separat via e-post till adressenfindoor@findoor.fi&#8221; field_type=&#8221;radio&#8221; radio_options=&#8221;%91{%22value%22:%22Ja%22,%22checked%22:0,%22dragID%22:-1},{%22dragID%22:0,%22value%22:%22Nej%22,%22checked%22:0}%93&#8243; fullwidth_field=&#8221;on&#8221; _builder_version=&#8221;4.24.0&#8243; _module_preset=&#8221;default&#8221; form_field_background_color=&#8221;gcid-43508936-0565-4258-b9b9-165d4cc484fd&#8221; form_field_text_color=&#8221;#FFFFFF&#8221; custom_css_main_element=&#8221;color:white;&#8221; global_colors_info=&#8221;{%22gcid-43508936-0565-4258-b9b9-165d4cc484fd%22:%91%22form_field_background_color%22%93}&#8221;][\/et_pb_contact_field][\/et_pb_contact_form][\/et_pb_column][\/et_pb_row][\/et_pb_section]<\/p>\n","protected":false},"excerpt":{"rendered":"<p>Findoors jobbVi s\u00f6ker alltid efter duktiga medarbetare till v\u00e5rt team!Spontanans\u00f6kan Vi s\u00f6ker alltid efter medarbetare med r\u00e4tt inst\u00e4llning till v\u00e5rt team, som vill vara med och revolutionera d\u00f6rrv\u00e4rlden med sitt bidrag. Ans\u00f6ka via formul\u00e4ret nedan.Vi ser fram emot din ans\u00f6kan!<\/p>\n","protected":false},"author":2,"featured_media":0,"parent":0,"menu_order":0,"comment_status":"closed","ping_status":"closed","template":"","meta":{"_et_pb_use_builder":"on","_et_pb_old_content":"","_et_gb_content_width":"","footnotes":""},"class_list":["post-2642","page","type-page","status-publish","hentry"],"yoast_head":"<!-- This site is optimized with the Yoast SEO plugin v27.4 - https:\/\/yoast.com\/product\/yoast-seo-wordpress\/ -->\n<title>Jobb - FinDoor<\/title>\n<meta name=\"robots\" content=\"index, follow, max-snippet:-1, max-image-preview:large, max-video-preview:-1\" \/>\n<link rel=\"canonical\" href=\"https:\/\/findoor.fi\/sv\/jobb\/\" \/>\n<meta property=\"og:locale\" content=\"sv_SE\" \/>\n<meta property=\"og:type\" content=\"article\" \/>\n<meta property=\"og:title\" content=\"Jobb - FinDoor\" \/>\n<meta property=\"og:description\" content=\"Findoors jobbVi s\u00f6ker alltid efter duktiga medarbetare till v\u00e5rt team!Spontanans\u00f6kan Vi s\u00f6ker alltid efter medarbetare med r\u00e4tt inst\u00e4llning till v\u00e5rt team, som vill vara med och revolutionera d\u00f6rrv\u00e4rlden med sitt bidrag. Ans\u00f6ka via formul\u00e4ret nedan.Vi ser fram emot din ans\u00f6kan!\" \/>\n<meta property=\"og:url\" content=\"https:\/\/findoor.fi\/sv\/jobb\/\" \/>\n<meta property=\"og:site_name\" content=\"FinDoor\" \/>\n<meta property=\"article:modified_time\" content=\"2025-06-18T08:22:55+00:00\" \/>\n<meta name=\"twitter:card\" content=\"summary_large_image\" \/>\n<meta name=\"twitter:label1\" content=\"Ber\u00e4knad l\u00e4stid\" \/>\n\t<meta name=\"twitter:data1\" content=\"7 minuter\" \/>\n<script type=\"application\/ld+json\" class=\"yoast-schema-graph\">{\"@context\":\"https:\\\/\\\/schema.org\",\"@graph\":[{\"@type\":\"WebPage\",\"@id\":\"https:\\\/\\\/findoor.fi\\\/sv\\\/jobb\\\/\",\"url\":\"https:\\\/\\\/findoor.fi\\\/sv\\\/jobb\\\/\",\"name\":\"Jobb - FinDoor\",\"isPartOf\":{\"@id\":\"https:\\\/\\\/findoor.fi\\\/sv\\\/#website\"},\"datePublished\":\"2023-05-02T06:54:41+00:00\",\"dateModified\":\"2025-06-18T08:22:55+00:00\",\"breadcrumb\":{\"@id\":\"https:\\\/\\\/findoor.fi\\\/sv\\\/jobb\\\/#breadcrumb\"},\"inLanguage\":\"sv-SE\",\"potentialAction\":[{\"@type\":\"ReadAction\",\"target\":[\"https:\\\/\\\/findoor.fi\\\/sv\\\/jobb\\\/\"]}]},{\"@type\":\"BreadcrumbList\",\"@id\":\"https:\\\/\\\/findoor.fi\\\/sv\\\/jobb\\\/#breadcrumb\",\"itemListElement\":[{\"@type\":\"ListItem\",\"position\":1,\"name\":\"Etusivu\",\"item\":\"https:\\\/\\\/findoor.fi\\\/sv\\\/\"},{\"@type\":\"ListItem\",\"position\":2,\"name\":\"Jobb\"}]},{\"@type\":\"WebSite\",\"@id\":\"https:\\\/\\\/findoor.fi\\\/sv\\\/#website\",\"url\":\"https:\\\/\\\/findoor.fi\\\/sv\\\/\",\"name\":\"FinDoor\",\"description\":\"Kest\u00e4v\u00e4t taitto-ovet, karmiovet, liukuovet ja palo-ovet\",\"potentialAction\":[{\"@type\":\"SearchAction\",\"target\":{\"@type\":\"EntryPoint\",\"urlTemplate\":\"https:\\\/\\\/findoor.fi\\\/sv\\\/?s={search_term_string}\"},\"query-input\":{\"@type\":\"PropertyValueSpecification\",\"valueRequired\":true,\"valueName\":\"search_term_string\"}}],\"inLanguage\":\"sv-SE\"}]}<\/script>\n<!-- \/ Yoast SEO plugin. -->","yoast_head_json":{"title":"Jobb - FinDoor","robots":{"index":"index","follow":"follow","max-snippet":"max-snippet:-1","max-image-preview":"max-image-preview:large","max-video-preview":"max-video-preview:-1"},"canonical":"https:\/\/findoor.fi\/sv\/jobb\/","og_locale":"sv_SE","og_type":"article","og_title":"Jobb - FinDoor","og_description":"Findoors jobbVi s\u00f6ker alltid efter duktiga medarbetare till v\u00e5rt team!Spontanans\u00f6kan Vi s\u00f6ker alltid efter medarbetare med r\u00e4tt inst\u00e4llning till v\u00e5rt team, som vill vara med och revolutionera d\u00f6rrv\u00e4rlden med sitt bidrag. Ans\u00f6ka via formul\u00e4ret nedan.Vi ser fram emot din ans\u00f6kan!","og_url":"https:\/\/findoor.fi\/sv\/jobb\/","og_site_name":"FinDoor","article_modified_time":"2025-06-18T08:22:55+00:00","twitter_card":"summary_large_image","twitter_misc":{"Ber\u00e4knad l\u00e4stid":"7 minuter"},"schema":{"@context":"https:\/\/schema.org","@graph":[{"@type":"WebPage","@id":"https:\/\/findoor.fi\/sv\/jobb\/","url":"https:\/\/findoor.fi\/sv\/jobb\/","name":"Jobb - FinDoor","isPartOf":{"@id":"https:\/\/findoor.fi\/sv\/#website"},"datePublished":"2023-05-02T06:54:41+00:00","dateModified":"2025-06-18T08:22:55+00:00","breadcrumb":{"@id":"https:\/\/findoor.fi\/sv\/jobb\/#breadcrumb"},"inLanguage":"sv-SE","potentialAction":[{"@type":"ReadAction","target":["https:\/\/findoor.fi\/sv\/jobb\/"]}]},{"@type":"BreadcrumbList","@id":"https:\/\/findoor.fi\/sv\/jobb\/#breadcrumb","itemListElement":[{"@type":"ListItem","position":1,"name":"Etusivu","item":"https:\/\/findoor.fi\/sv\/"},{"@type":"ListItem","position":2,"name":"Jobb"}]},{"@type":"WebSite","@id":"https:\/\/findoor.fi\/sv\/#website","url":"https:\/\/findoor.fi\/sv\/","name":"FinDoor","description":"Kest\u00e4v\u00e4t taitto-ovet, karmiovet, liukuovet ja palo-ovet","potentialAction":[{"@type":"SearchAction","target":{"@type":"EntryPoint","urlTemplate":"https:\/\/findoor.fi\/sv\/?s={search_term_string}"},"query-input":{"@type":"PropertyValueSpecification","valueRequired":true,"valueName":"search_term_string"}}],"inLanguage":"sv-SE"}]}},"_links":{"self":[{"href":"https:\/\/findoor.fi\/sv\/wp-json\/wp\/v2\/pages\/2642","targetHints":{"allow":["GET"]}}],"collection":[{"href":"https:\/\/findoor.fi\/sv\/wp-json\/wp\/v2\/pages"}],"about":[{"href":"https:\/\/findoor.fi\/sv\/wp-json\/wp\/v2\/types\/page"}],"author":[{"embeddable":true,"href":"https:\/\/findoor.fi\/sv\/wp-json\/wp\/v2\/users\/2"}],"replies":[{"embeddable":true,"href":"https:\/\/findoor.fi\/sv\/wp-json\/wp\/v2\/comments?post=2642"}],"version-history":[{"count":9,"href":"https:\/\/findoor.fi\/sv\/wp-json\/wp\/v2\/pages\/2642\/revisions"}],"predecessor-version":[{"id":4898,"href":"https:\/\/findoor.fi\/sv\/wp-json\/wp\/v2\/pages\/2642\/revisions\/4898"}],"wp:attachment":[{"href":"https:\/\/findoor.fi\/sv\/wp-json\/wp\/v2\/media?parent=2642"}],"curies":[{"name":"wp","href":"https:\/\/api.w.org\/{rel}","templated":true}]}}