{"id":3853,"date":"2024-04-19T13:56:04","date_gmt":"2024-04-19T11:56:04","guid":{"rendered":"https:\/\/findoornordics.devnettisivu.net\/bim-objektit\/"},"modified":"2024-11-25T14:23:10","modified_gmt":"2024-11-25T12:23:10","slug":"bim-objekt","status":"publish","type":"page","link":"https:\/\/findoor.fi\/sv\/bim-objekt\/","title":{"rendered":"BIM-Objekt"},"content":{"rendered":"<p>[et_pb_section fb_built=&#8221;1&#8243; custom_padding_last_edited=&#8221;on|phone&#8221; admin_label=&#8221;Alasivun otsikko&#8221; _builder_version=&#8221;4.25.0&#8243; background_enable_color=&#8221;off&#8221; background_image=&#8221;https:\/\/findoor.fi\/wp-content\/uploads\/2024\/04\/1010209_inPixio-scaled-e1713791465415.jpg&#8221; parallax=&#8221;on&#8221; positioning=&#8221;none&#8221; custom_margin=&#8221;-16vh||10px||false|false&#8221; custom_margin_tablet=&#8221;-16vh||||false|false&#8221; custom_margin_phone=&#8221;-80px||||false|false&#8221; custom_margin_last_edited=&#8221;on|phone&#8221; custom_padding=&#8221;43vh||34vh||false|false&#8221; custom_padding_tablet=&#8221;33vh||14vh||false|false&#8221; custom_padding_phone=&#8221;25vh||||false|false&#8221; locked=&#8221;off&#8221; global_colors_info=&#8221;{}&#8221;][et_pb_row _builder_version=&#8221;4.19.5&#8243; custom_padding=&#8221;44px|||||&#8221; global_colors_info=&#8221;{}&#8221;][et_pb_column type=&#8221;4_4&#8243; _builder_version=&#8221;4.16&#8243; global_colors_info=&#8221;{}&#8221;][et_pb_text admin_label=&#8221;Teksti&#8221; _builder_version=&#8221;4.25.0&#8243; header_font=&#8221;|800|||||||&#8221; header_text_align=&#8221;center&#8221; header_text_color=&#8221;#FFFFFF&#8221; header_font_size=&#8221;4vw&#8221; min_height=&#8221;89.8px&#8221; custom_margin=&#8221;||12px|||&#8221; header_font_size_tablet=&#8221;54px&#8221; header_font_size_phone=&#8221;10vw&#8221; header_font_size_last_edited=&#8221;on|desktop&#8221; text_text_shadow_style=&#8221;preset4&#8243; header_text_shadow_style=&#8221;preset2&#8243; header_text_shadow_color=&#8221;rgba(0,0,0,0.37)&#8221; global_colors_info=&#8221;{}&#8221;]<\/p>\n<h1>BIM-Objekt<\/h1>\n<p>[\/et_pb_text][\/et_pb_column][\/et_pb_row][\/et_pb_section][et_pb_section fb_built=&#8221;1&#8243; _builder_version=&#8221;4.24.3&#8243; _module_preset=&#8221;default&#8221; background_color=&#8221;gcid-d39821b6-1a81-4642-8a2c-3e56d09ce01d&#8221; custom_margin=&#8221;-10px||10px||false|false&#8221; custom_padding=&#8221;39px||38px||false|false&#8221; global_colors_info=&#8221;{%22gcid-d39821b6-1a81-4642-8a2c-3e56d09ce01d%22:%91%22background_color%22%93}&#8221;][et_pb_row column_structure=&#8221;1_2,1_2&#8243; _builder_version=&#8221;4.24.3&#8243; _module_preset=&#8221;default&#8221; custom_padding=&#8221;7px|||||&#8221; global_colors_info=&#8221;{}&#8221;][et_pb_column type=&#8221;1_2&#8243; _builder_version=&#8221;4.24.3&#8243; _module_preset=&#8221;default&#8221; global_colors_info=&#8221;{}&#8221;][et_pb_text _builder_version=&#8221;4.27.0&#8243; _module_preset=&#8221;default&#8221; text_text_color=&#8221;#FFFFFF&#8221; global_colors_info=&#8221;{}&#8221;]<\/p>\n<h1 style=\"font-weight: 400;\"><strong><span style=\"color: #ffffff;\">Designers materialbank<br \/><\/span><\/strong><\/h1>\n<p style=\"font-weight: 400;\">V\u00e5ra produkters BIM- och CAD-modeller finns i inb\u00e4ddningen nedan samt p\u00e5 ProdLib-tj\u00e4nsten, d\u00e4r du enkelt kan ladda ner dem f\u00f6r Revit-, Archicad- och CAD-program.<\/p>\n<p style=\"font-weight: 400;\">Designmaterialen \u00e4r organiserade i ett anv\u00e4ndarv\u00e4nligt bibliotek som du kan ladda ner direkt till ditt designprogram. Att installera och anv\u00e4nda ProdLib \u00e4r kostnadsfritt.<\/p>\n<p style=\"font-weight: 400;\">Du kan ocks\u00e5 bl\u00e4ddra och ladda ner enskilda produktmodeller fr\u00e5n ProdLibs webbversion: <a href=\"https:\/\/www.prodlib.com\/findoor\/\">ProdLib | FinDoor<\/a><\/p>\n<p style=\"font-weight: 400;\"><span>Ladda ner ProdLib: <\/span><a href=\"https:\/\/www.prodlib.com\/findoor\/\">ProdLib | FinDoor<\/a><span><br \/>Installationsanvisning: <\/span><a href=\"https:\/\/www.prodlib.com\/support\">ProdLib | ProdLib Support<\/a><\/p>\n<p>[\/et_pb_text][\/et_pb_column][et_pb_column type=&#8221;1_2&#8243; _builder_version=&#8221;4.24.3&#8243; _module_preset=&#8221;default&#8221; global_colors_info=&#8221;{}&#8221;][et_pb_image src=&#8221;https:\/\/findoor.fi\/wp-content\/uploads\/2024\/04\/testitesti11.jpg&#8221; title_text=&#8221;testitesti11&#8243; _builder_version=&#8221;4.25.0&#8243; _module_preset=&#8221;default&#8221; global_colors_info=&#8221;{}&#8221;][\/et_pb_image][\/et_pb_column][\/et_pb_row][\/et_pb_section][et_pb_section fb_built=&#8221;1&#8243; _builder_version=&#8221;4.24.3&#8243; _module_preset=&#8221;default&#8221; background_color=&#8221;gcid-d39821b6-1a81-4642-8a2c-3e56d09ce01d&#8221; custom_margin=&#8221;-10px||0px||false|false&#8221; custom_padding=&#8221;0px||0px||false|false&#8221; global_colors_info=&#8221;{}&#8221;][et_pb_row _builder_version=&#8221;4.24.3&#8243; _module_preset=&#8221;default&#8221; width=&#8221;100%&#8221; custom_margin=&#8221;||-10px||false|false&#8221; custom_padding=&#8221;0px||0px|||&#8221; global_colors_info=&#8221;{}&#8221;][et_pb_column type=&#8221;4_4&#8243; _builder_version=&#8221;4.24.3&#8243; _module_preset=&#8221;default&#8221; global_colors_info=&#8221;{}&#8221;][et_pb_code _builder_version=&#8221;4.27.3&#8243; _module_preset=&#8221;default&#8221; hover_enabled=&#8221;0&#8243; global_colors_info=&#8221;{}&#8221; sticky_enabled=&#8221;0&#8243;]<!-- [et_pb_line_break_holder] --><iframe id=\"prodlib-iframe\"<!-- [et_pb_line_break_holder] -->src=&#8221;https:\/\/www.prodlib.com\/library\/embedded\/Supplier_Findoor&#8221; style=&#8221;width: 100%; height: 1200px;&#8221;><\/iframe>[\/et_pb_code][\/et_pb_column][\/et_pb_row][\/et_pb_section]<\/p>\n","protected":false},"excerpt":{"rendered":"<p>BIM-ObjektDesigners materialbank V\u00e5ra produkters BIM- och CAD-modeller finns i inb\u00e4ddningen nedan samt p\u00e5 ProdLib-tj\u00e4nsten, d\u00e4r du enkelt kan ladda ner dem f\u00f6r Revit-, Archicad- och CAD-program. Designmaterialen \u00e4r organiserade i ett anv\u00e4ndarv\u00e4nligt bibliotek som du kan ladda ner direkt till ditt designprogram. Att installera och anv\u00e4nda ProdLib \u00e4r kostnadsfritt. Du kan ocks\u00e5 bl\u00e4ddra och ladda [&hellip;]<\/p>\n","protected":false},"author":2,"featured_media":0,"parent":0,"menu_order":0,"comment_status":"closed","ping_status":"closed","template":"","meta":{"_et_pb_use_builder":"on","_et_pb_old_content":"","_et_gb_content_width":"","footnotes":""},"class_list":["post-3853","page","type-page","status-publish","hentry"],"yoast_head":"<!-- This site is optimized with the Yoast SEO plugin v27.6 - https:\/\/yoast.com\/product\/yoast-seo-wordpress\/ -->\n<title>BIM-Objekt - FinDoor<\/title>\n<meta name=\"robots\" content=\"index, follow, max-snippet:-1, max-image-preview:large, max-video-preview:-1\" \/>\n<link rel=\"canonical\" href=\"https:\/\/findoor.fi\/sv\/bim-objekt\/\" \/>\n<meta property=\"og:locale\" content=\"sv_SE\" \/>\n<meta property=\"og:type\" content=\"article\" \/>\n<meta property=\"og:title\" content=\"BIM-Objekt - FinDoor\" \/>\n<meta property=\"og:description\" content=\"BIM-ObjektDesigners materialbank V\u00e5ra produkters BIM- och CAD-modeller finns i inb\u00e4ddningen nedan samt p\u00e5 ProdLib-tj\u00e4nsten, d\u00e4r du enkelt kan ladda ner dem f\u00f6r Revit-, Archicad- och CAD-program. Designmaterialen \u00e4r organiserade i ett anv\u00e4ndarv\u00e4nligt bibliotek som du kan ladda ner direkt till ditt designprogram. Att installera och anv\u00e4nda ProdLib \u00e4r kostnadsfritt. Du kan ocks\u00e5 bl\u00e4ddra och ladda [&hellip;]\" \/>\n<meta property=\"og:url\" content=\"https:\/\/findoor.fi\/sv\/bim-objekt\/\" \/>\n<meta property=\"og:site_name\" content=\"FinDoor\" \/>\n<meta property=\"article:modified_time\" content=\"2024-11-25T12:23:10+00:00\" \/>\n<meta name=\"twitter:card\" content=\"summary_large_image\" \/>\n<meta name=\"twitter:label1\" content=\"Ber\u00e4knad l\u00e4stid\" \/>\n\t<meta name=\"twitter:data1\" content=\"3 minuter\" \/>\n<script type=\"application\/ld+json\" class=\"yoast-schema-graph\">{\"@context\":\"https:\\\/\\\/schema.org\",\"@graph\":[{\"@type\":\"WebPage\",\"@id\":\"https:\\\/\\\/findoor.fi\\\/sv\\\/bim-objekt\\\/\",\"url\":\"https:\\\/\\\/findoor.fi\\\/sv\\\/bim-objekt\\\/\",\"name\":\"BIM-Objekt - FinDoor\",\"isPartOf\":{\"@id\":\"https:\\\/\\\/findoor.fi\\\/sv\\\/#website\"},\"datePublished\":\"2024-04-19T11:56:04+00:00\",\"dateModified\":\"2024-11-25T12:23:10+00:00\",\"breadcrumb\":{\"@id\":\"https:\\\/\\\/findoor.fi\\\/sv\\\/bim-objekt\\\/#breadcrumb\"},\"inLanguage\":\"sv-SE\",\"potentialAction\":[{\"@type\":\"ReadAction\",\"target\":[\"https:\\\/\\\/findoor.fi\\\/sv\\\/bim-objekt\\\/\"]}]},{\"@type\":\"BreadcrumbList\",\"@id\":\"https:\\\/\\\/findoor.fi\\\/sv\\\/bim-objekt\\\/#breadcrumb\",\"itemListElement\":[{\"@type\":\"ListItem\",\"position\":1,\"name\":\"Etusivu\",\"item\":\"https:\\\/\\\/findoor.fi\\\/sv\\\/\"},{\"@type\":\"ListItem\",\"position\":2,\"name\":\"BIM-Objekt\"}]},{\"@type\":\"WebSite\",\"@id\":\"https:\\\/\\\/findoor.fi\\\/sv\\\/#website\",\"url\":\"https:\\\/\\\/findoor.fi\\\/sv\\\/\",\"name\":\"FinDoor\",\"description\":\"Kest\u00e4v\u00e4t taitto-ovet, karmiovet, liukuovet ja palo-ovet\",\"potentialAction\":[{\"@type\":\"SearchAction\",\"target\":{\"@type\":\"EntryPoint\",\"urlTemplate\":\"https:\\\/\\\/findoor.fi\\\/sv\\\/?s={search_term_string}\"},\"query-input\":{\"@type\":\"PropertyValueSpecification\",\"valueRequired\":true,\"valueName\":\"search_term_string\"}}],\"inLanguage\":\"sv-SE\"}]}<\/script>\n<!-- \/ Yoast SEO plugin. -->","yoast_head_json":{"title":"BIM-Objekt - FinDoor","robots":{"index":"index","follow":"follow","max-snippet":"max-snippet:-1","max-image-preview":"max-image-preview:large","max-video-preview":"max-video-preview:-1"},"canonical":"https:\/\/findoor.fi\/sv\/bim-objekt\/","og_locale":"sv_SE","og_type":"article","og_title":"BIM-Objekt - FinDoor","og_description":"BIM-ObjektDesigners materialbank V\u00e5ra produkters BIM- och CAD-modeller finns i inb\u00e4ddningen nedan samt p\u00e5 ProdLib-tj\u00e4nsten, d\u00e4r du enkelt kan ladda ner dem f\u00f6r Revit-, Archicad- och CAD-program. Designmaterialen \u00e4r organiserade i ett anv\u00e4ndarv\u00e4nligt bibliotek som du kan ladda ner direkt till ditt designprogram. Att installera och anv\u00e4nda ProdLib \u00e4r kostnadsfritt. Du kan ocks\u00e5 bl\u00e4ddra och ladda [&hellip;]","og_url":"https:\/\/findoor.fi\/sv\/bim-objekt\/","og_site_name":"FinDoor","article_modified_time":"2024-11-25T12:23:10+00:00","twitter_card":"summary_large_image","twitter_misc":{"Ber\u00e4knad l\u00e4stid":"3 minuter"},"schema":{"@context":"https:\/\/schema.org","@graph":[{"@type":"WebPage","@id":"https:\/\/findoor.fi\/sv\/bim-objekt\/","url":"https:\/\/findoor.fi\/sv\/bim-objekt\/","name":"BIM-Objekt - FinDoor","isPartOf":{"@id":"https:\/\/findoor.fi\/sv\/#website"},"datePublished":"2024-04-19T11:56:04+00:00","dateModified":"2024-11-25T12:23:10+00:00","breadcrumb":{"@id":"https:\/\/findoor.fi\/sv\/bim-objekt\/#breadcrumb"},"inLanguage":"sv-SE","potentialAction":[{"@type":"ReadAction","target":["https:\/\/findoor.fi\/sv\/bim-objekt\/"]}]},{"@type":"BreadcrumbList","@id":"https:\/\/findoor.fi\/sv\/bim-objekt\/#breadcrumb","itemListElement":[{"@type":"ListItem","position":1,"name":"Etusivu","item":"https:\/\/findoor.fi\/sv\/"},{"@type":"ListItem","position":2,"name":"BIM-Objekt"}]},{"@type":"WebSite","@id":"https:\/\/findoor.fi\/sv\/#website","url":"https:\/\/findoor.fi\/sv\/","name":"FinDoor","description":"Kest\u00e4v\u00e4t taitto-ovet, karmiovet, liukuovet ja palo-ovet","potentialAction":[{"@type":"SearchAction","target":{"@type":"EntryPoint","urlTemplate":"https:\/\/findoor.fi\/sv\/?s={search_term_string}"},"query-input":{"@type":"PropertyValueSpecification","valueRequired":true,"valueName":"search_term_string"}}],"inLanguage":"sv-SE"}]}},"_links":{"self":[{"href":"https:\/\/findoor.fi\/sv\/wp-json\/wp\/v2\/pages\/3853","targetHints":{"allow":["GET"]}}],"collection":[{"href":"https:\/\/findoor.fi\/sv\/wp-json\/wp\/v2\/pages"}],"about":[{"href":"https:\/\/findoor.fi\/sv\/wp-json\/wp\/v2\/types\/page"}],"author":[{"embeddable":true,"href":"https:\/\/findoor.fi\/sv\/wp-json\/wp\/v2\/users\/2"}],"replies":[{"embeddable":true,"href":"https:\/\/findoor.fi\/sv\/wp-json\/wp\/v2\/comments?post=3853"}],"version-history":[{"count":5,"href":"https:\/\/findoor.fi\/sv\/wp-json\/wp\/v2\/pages\/3853\/revisions"}],"predecessor-version":[{"id":4465,"href":"https:\/\/findoor.fi\/sv\/wp-json\/wp\/v2\/pages\/3853\/revisions\/4465"}],"wp:attachment":[{"href":"https:\/\/findoor.fi\/sv\/wp-json\/wp\/v2\/media?parent=3853"}],"curies":[{"name":"wp","href":"https:\/\/api.w.org\/{rel}","templated":true}]}}