{"id":4761,"date":"2025-03-13T09:14:25","date_gmt":"2025-03-13T07:14:25","guid":{"rendered":"https:\/\/findoor.fi\/?page_id=4761"},"modified":"2025-03-13T09:31:52","modified_gmt":"2025-03-13T07:31:52","slug":"integritetspolicy","status":"publish","type":"page","link":"https:\/\/findoor.fi\/sv\/integritetspolicy\/","title":{"rendered":"Integritetspolicy"},"content":{"rendered":"<p>[et_pb_section fb_built=&#8221;1&#8243; custom_padding_last_edited=&#8221;on|phone&#8221; admin_label=&#8221;Alasivun otsikko&#8221; _builder_version=&#8221;4.27.4&#8243; background_enable_color=&#8221;off&#8221; background_image=&#8221;https:\/\/findoor.fi\/wp-content\/uploads\/2025\/03\/findoor-profiilikuva.webp&#8221; parallax=&#8221;on&#8221; positioning=&#8221;none&#8221; custom_margin=&#8221;-16vh||10px||false|false&#8221; custom_margin_tablet=&#8221;-16vh||||false|false&#8221; custom_margin_phone=&#8221;-80px||||false|false&#8221; custom_margin_last_edited=&#8221;on|phone&#8221; custom_padding=&#8221;43vh||34vh||false|false&#8221; custom_padding_tablet=&#8221;33vh||14vh||false|false&#8221; custom_padding_phone=&#8221;25vh||||false|false&#8221; hover_enabled=&#8221;0&#8243; locked=&#8221;off&#8221; global_colors_info=&#8221;{}&#8221; title_text=&#8221;findoor profiilikuva&#8221; sticky_enabled=&#8221;0&#8243;][et_pb_row _builder_version=&#8221;4.19.5&#8243; custom_padding=&#8221;44px|||||&#8221; global_colors_info=&#8221;{}&#8221;][et_pb_column type=&#8221;4_4&#8243; _builder_version=&#8221;4.16&#8243; global_colors_info=&#8221;{}&#8221;][et_pb_text _builder_version=&#8221;4.27.4&#8243; header_font=&#8221;|800|||||||&#8221; header_text_align=&#8221;center&#8221; header_text_color=&#8221;#ffffff&#8221; header_font_size=&#8221;4vw&#8221; custom_margin=&#8221;||12px|||&#8221; hover_enabled=&#8221;0&#8243; header_font_size_tablet=&#8221;54px&#8221; header_font_size_phone=&#8221;10vw&#8221; header_font_size_last_edited=&#8221;on|desktop&#8221; header_text_shadow_style=&#8221;preset3&#8243; header_text_shadow_blur_strength=&#8221;0.13em&#8221; header_text_shadow_color=&#8221;rgba(0,0,0,0.37)&#8221; global_colors_info=&#8221;{}&#8221; sticky_enabled=&#8221;0&#8243;]<\/p>\n<h1>Integritetspolicy<\/h1>\n<p>[\/et_pb_text][\/et_pb_column][\/et_pb_row][\/et_pb_section][et_pb_section fb_built=&#8221;1&#8243; custom_padding_last_edited=&#8221;on|phone&#8221; admin_label=&#8221;Valkea osio&#8221; _builder_version=&#8221;4.19.5&#8243; background_color=&#8221;#FFFFFF&#8221; custom_padding=&#8221;7vh||7vh||true|false&#8221; custom_padding_tablet=&#8221;4vh||4vh||true|false&#8221; custom_padding_phone=&#8221;3vh||3vh||true|false&#8221; global_colors_info=&#8221;{}&#8221;][et_pb_row column_structure=&#8221;3_5,2_5&#8243; _builder_version=&#8221;4.19.5&#8243; global_colors_info=&#8221;{}&#8221;][et_pb_column type=&#8221;3_5&#8243; _builder_version=&#8221;4.16&#8243; global_colors_info=&#8221;{}&#8221;][et_pb_text _builder_version=&#8221;4.27.4&#8243; hover_enabled=&#8221;0&#8243; global_colors_info=&#8221;{}&#8221; sticky_enabled=&#8221;0&#8243;]<\/p>\n<p data-start=\"48\" data-end=\"85\"><strong data-start=\"48\" data-end=\"83\">Senast uppdaterad: 13 mars 2025<\/strong><\/p>\n<p data-start=\"87\" data-end=\"345\">V\u00e4lkommen till Fin Door Oy:s webbplats. Det \u00e4r viktigt f\u00f6r oss att skydda din integritet och hantera dina personuppgifter p\u00e5 ett s\u00e4kert och lagligt s\u00e4tt. Denna integritetspolicy beskriver hur vi samlar in, anv\u00e4nder, lagrar och skyddar dina personuppgifter.<\/p>\n<h3 data-start=\"347\" data-end=\"381\">1. Insamlade personuppgifter<\/h3>\n<p data-start=\"383\" data-end=\"426\">Vi kan samla in f\u00f6ljande personuppgifter:<\/p>\n<ul data-start=\"428\" data-end=\"604\">\n<li data-start=\"428\" data-end=\"436\">Namn<\/li>\n<li data-start=\"437\" data-end=\"453\">E-postadress<\/li>\n<li data-start=\"454\" data-end=\"471\">Telefonnummer<\/li>\n<li data-start=\"472\" data-end=\"485\">IP-adress<\/li>\n<li data-start=\"486\" data-end=\"541\">Cookie-data och webbplatsens anv\u00e4ndningsinformation<\/li>\n<li data-start=\"542\" data-end=\"604\">Eventuell annan information som anv\u00e4ndaren tillhandah\u00e5ller<\/li>\n<\/ul>\n<h3 data-start=\"606\" data-end=\"654\">2. Syftet med att samla in personuppgifter<\/h3>\n<p data-start=\"656\" data-end=\"712\">Vi anv\u00e4nder dina personuppgifter f\u00f6r f\u00f6ljande \u00e4ndam\u00e5l:<\/p>\n<ul data-start=\"714\" data-end=\"970\">\n<li data-start=\"714\" data-end=\"762\">Tillhandah\u00e5llande och utveckling av tj\u00e4nster<\/li>\n<li data-start=\"763\" data-end=\"796\">Kundservice och kommunikation<\/li>\n<li data-start=\"797\" data-end=\"863\">Marknadsf\u00f6ring och utskick av nyhetsbrev (endast med samtycke)<\/li>\n<li data-start=\"864\" data-end=\"907\">Efterlevnad av lagstadgade skyldigheter<\/li>\n<li data-start=\"908\" data-end=\"970\">S\u00e4kerst\u00e4llande av webbplatsens funktionalitet och s\u00e4kerhet<\/li>\n<\/ul>\n<h3 data-start=\"972\" data-end=\"1001\">3. Cookies och sp\u00e5rning<\/h3>\n<p data-start=\"1003\" data-end=\"1230\">Vi anv\u00e4nder cookies och andra sp\u00e5rningstekniker f\u00f6r att f\u00f6rb\u00e4ttra webbplatsens funktionalitet. Du kan hantera anv\u00e4ndningen av cookies i webbl\u00e4sarens inst\u00e4llningar och via cookie-knappen l\u00e4ngst ner till v\u00e4nster p\u00e5 webbplatsen.<\/p>\n<h3 data-start=\"1232\" data-end=\"1267\">4. Lagring av personuppgifter<\/h3>\n<p data-start=\"1269\" data-end=\"1398\">Vi lagrar dina personuppgifter endast s\u00e5 l\u00e4nge det \u00e4r n\u00f6dv\u00e4ndigt f\u00f6r att uppfylla ovan n\u00e4mnda \u00e4ndam\u00e5l eller enligt lagens krav.<\/p>\n<h3 data-start=\"1400\" data-end=\"1435\">5. Delning av personuppgifter<\/h3>\n<p data-start=\"1437\" data-end=\"1536\">Vi s\u00e4ljer, hyr ut eller delar inte dina personuppgifter med tredje part, f\u00f6rutom i f\u00f6ljande fall:<\/p>\n<ul data-start=\"1538\" data-end=\"1656\">\n<li data-start=\"1538\" data-end=\"1627\">Med tj\u00e4nsteleverant\u00f6rer och samarbetspartners som behandlar uppgifter f\u00f6r v\u00e5r r\u00e4kning<\/li>\n<li data-start=\"1628\" data-end=\"1656\">N\u00e4r det kr\u00e4vs enligt lag<\/li>\n<\/ul>\n<h3 data-start=\"1658\" data-end=\"1679\">6. Datas\u00e4kerhet<\/h3>\n<p data-start=\"1681\" data-end=\"1823\">Vi anv\u00e4nder l\u00e4mpliga tekniska och organisatoriska \u00e5tg\u00e4rder f\u00f6r att skydda dina personuppgifter fr\u00e5n obeh\u00f6rig \u00e5tkomst, \u00e4ndringar och f\u00f6rlust.<\/p>\n<h3 data-start=\"1825\" data-end=\"1850\">7. Dina r\u00e4ttigheter<\/h3>\n<p data-start=\"1852\" data-end=\"1912\">Du har f\u00f6ljande r\u00e4ttigheter g\u00e4llande dina personuppgifter:<\/p>\n<ul data-start=\"1914\" data-end=\"2221\">\n<li data-start=\"1914\" data-end=\"1958\">R\u00e4tt att f\u00e5 tillg\u00e5ng till dina uppgifter<\/li>\n<li data-start=\"1959\" data-end=\"2009\">R\u00e4tt att korrigera eller radera dina uppgifter<\/li>\n<li data-start=\"2010\" data-end=\"2065\">R\u00e4tt att inv\u00e4nda mot behandlingen av dina uppgifter<\/li>\n<li data-start=\"2066\" data-end=\"2124\">R\u00e4tt att \u00f6verf\u00f6ra dina uppgifter till ett annat system<\/li>\n<li data-start=\"2125\" data-end=\"2161\">R\u00e4tt att \u00e5terkalla ditt samtycke<\/li>\n<li data-start=\"2162\" data-end=\"2221\">R\u00e4tt att l\u00e4mna in ett klagom\u00e5l till tillsynsmyndigheten<\/li>\n<\/ul>\n<h3 data-start=\"2223\" data-end=\"2248\">8. Kontaktuppgifter<\/h3>\n<p data-start=\"2250\" data-end=\"2314\">Om du har fr\u00e5gor om v\u00e5r integritetspolicy kan du kontakta oss:<\/p>\n<p data-start=\"2316\" data-end=\"2403\"><strong data-start=\"2316\" data-end=\"2331\">Fin Door Oy<\/strong><br data-start=\"2331\" data-end=\"2334\" \/>Alarannantie 312<br data-start=\"2350\" data-end=\"2353\" \/>91100 II<br data-start=\"2361\" data-end=\"2364\" \/><a data-start=\"2364\" data-end=\"2382\" rel=\"noopener\">findoor@findoor.fi<\/a><br data-start=\"2382\" data-end=\"2385\" \/>+358 208 384 530<\/p>\n<p data-start=\"2405\" data-end=\"2505\">Denna integritetspolicy kan uppdateras \u00f6ver tid. Vi rekommenderar att du granskar den regelbundet.<\/p>\n<p>[\/et_pb_text][\/et_pb_column][et_pb_column type=&#8221;2_5&#8243; _builder_version=&#8221;4.16&#8243; global_colors_info=&#8221;{}&#8221;][et_pb_image src=&#8221;https:\/\/findoor.fi\/wp-content\/uploads\/2025\/03\/findoor-tausta-2.webp&#8221; alt=&#8221;man in gray t-shirt working remotely on a laptop&#8221; title_text=&#8221;findoor tausta 2&#8243; _builder_version=&#8221;4.27.4&#8243; hover_enabled=&#8221;0&#8243; box_shadow_style=&#8221;preset4&#8243; box_shadow_horizontal=&#8221;25px&#8221; box_shadow_color=&#8221;gcid-43508936-0565-4258-b9b9-165d4cc484fd&#8221; global_colors_info=&#8221;{%22gcid-43508936-0565-4258-b9b9-165d4cc484fd%22:%91%22box_shadow_color%22%93}&#8221; sticky_enabled=&#8221;0&#8243;][\/et_pb_image][\/et_pb_column][\/et_pb_row][\/et_pb_section]<\/p>\n","protected":false},"excerpt":{"rendered":"<p>IntegritetspolicySenast uppdaterad: 13 mars 2025 V\u00e4lkommen till Fin Door Oy:s webbplats. Det \u00e4r viktigt f\u00f6r oss att skydda din integritet och hantera dina personuppgifter p\u00e5 ett s\u00e4kert och lagligt s\u00e4tt. Denna integritetspolicy beskriver hur vi samlar in, anv\u00e4nder, lagrar och skyddar dina personuppgifter. 1. Insamlade personuppgifter Vi kan samla in f\u00f6ljande personuppgifter: Namn E-postadress Telefonnummer [&hellip;]<\/p>\n","protected":false},"author":2,"featured_media":0,"parent":0,"menu_order":0,"comment_status":"closed","ping_status":"closed","template":"","meta":{"_et_pb_use_builder":"on","_et_pb_old_content":"","_et_gb_content_width":"","footnotes":""},"class_list":["post-4761","page","type-page","status-publish","hentry"],"yoast_head":"<!-- This site is optimized with the Yoast SEO plugin v27.3 - https:\/\/yoast.com\/product\/yoast-seo-wordpress\/ -->\n<title>Integritetspolicy - FinDoor<\/title>\n<meta name=\"robots\" content=\"index, follow, max-snippet:-1, max-image-preview:large, max-video-preview:-1\" \/>\n<link rel=\"canonical\" href=\"https:\/\/findoor.fi\/sv\/integritetspolicy\/\" \/>\n<meta property=\"og:locale\" content=\"sv_SE\" \/>\n<meta property=\"og:type\" content=\"article\" \/>\n<meta property=\"og:title\" content=\"Integritetspolicy - FinDoor\" \/>\n<meta property=\"og:description\" content=\"IntegritetspolicySenast uppdaterad: 13 mars 2025 V\u00e4lkommen till Fin Door Oy:s webbplats. Det \u00e4r viktigt f\u00f6r oss att skydda din integritet och hantera dina personuppgifter p\u00e5 ett s\u00e4kert och lagligt s\u00e4tt. Denna integritetspolicy beskriver hur vi samlar in, anv\u00e4nder, lagrar och skyddar dina personuppgifter. 1. Insamlade personuppgifter Vi kan samla in f\u00f6ljande personuppgifter: Namn E-postadress Telefonnummer [&hellip;]\" \/>\n<meta property=\"og:url\" content=\"https:\/\/findoor.fi\/sv\/integritetspolicy\/\" \/>\n<meta property=\"og:site_name\" content=\"FinDoor\" \/>\n<meta property=\"article:modified_time\" content=\"2025-03-13T07:31:52+00:00\" \/>\n<meta name=\"twitter:card\" content=\"summary_large_image\" \/>\n<meta name=\"twitter:label1\" content=\"Ber\u00e4knad l\u00e4stid\" \/>\n\t<meta name=\"twitter:data1\" content=\"4 minuter\" \/>\n<script type=\"application\/ld+json\" class=\"yoast-schema-graph\">{\"@context\":\"https:\\\/\\\/schema.org\",\"@graph\":[{\"@type\":\"WebPage\",\"@id\":\"https:\\\/\\\/findoor.fi\\\/sv\\\/integritetspolicy\\\/\",\"url\":\"https:\\\/\\\/findoor.fi\\\/sv\\\/integritetspolicy\\\/\",\"name\":\"Integritetspolicy - FinDoor\",\"isPartOf\":{\"@id\":\"https:\\\/\\\/findoor.fi\\\/sv\\\/#website\"},\"datePublished\":\"2025-03-13T07:14:25+00:00\",\"dateModified\":\"2025-03-13T07:31:52+00:00\",\"breadcrumb\":{\"@id\":\"https:\\\/\\\/findoor.fi\\\/sv\\\/integritetspolicy\\\/#breadcrumb\"},\"inLanguage\":\"sv-SE\",\"potentialAction\":[{\"@type\":\"ReadAction\",\"target\":[\"https:\\\/\\\/findoor.fi\\\/sv\\\/integritetspolicy\\\/\"]}]},{\"@type\":\"BreadcrumbList\",\"@id\":\"https:\\\/\\\/findoor.fi\\\/sv\\\/integritetspolicy\\\/#breadcrumb\",\"itemListElement\":[{\"@type\":\"ListItem\",\"position\":1,\"name\":\"Etusivu\",\"item\":\"https:\\\/\\\/findoor.fi\\\/sv\\\/\"},{\"@type\":\"ListItem\",\"position\":2,\"name\":\"Integritetspolicy\"}]},{\"@type\":\"WebSite\",\"@id\":\"https:\\\/\\\/findoor.fi\\\/sv\\\/#website\",\"url\":\"https:\\\/\\\/findoor.fi\\\/sv\\\/\",\"name\":\"FinDoor\",\"description\":\"Kest\u00e4v\u00e4t taitto-ovet, karmiovet, liukuovet ja palo-ovet\",\"potentialAction\":[{\"@type\":\"SearchAction\",\"target\":{\"@type\":\"EntryPoint\",\"urlTemplate\":\"https:\\\/\\\/findoor.fi\\\/sv\\\/?s={search_term_string}\"},\"query-input\":{\"@type\":\"PropertyValueSpecification\",\"valueRequired\":true,\"valueName\":\"search_term_string\"}}],\"inLanguage\":\"sv-SE\"}]}<\/script>\n<!-- \/ Yoast SEO plugin. -->","yoast_head_json":{"title":"Integritetspolicy - FinDoor","robots":{"index":"index","follow":"follow","max-snippet":"max-snippet:-1","max-image-preview":"max-image-preview:large","max-video-preview":"max-video-preview:-1"},"canonical":"https:\/\/findoor.fi\/sv\/integritetspolicy\/","og_locale":"sv_SE","og_type":"article","og_title":"Integritetspolicy - FinDoor","og_description":"IntegritetspolicySenast uppdaterad: 13 mars 2025 V\u00e4lkommen till Fin Door Oy:s webbplats. Det \u00e4r viktigt f\u00f6r oss att skydda din integritet och hantera dina personuppgifter p\u00e5 ett s\u00e4kert och lagligt s\u00e4tt. Denna integritetspolicy beskriver hur vi samlar in, anv\u00e4nder, lagrar och skyddar dina personuppgifter. 1. Insamlade personuppgifter Vi kan samla in f\u00f6ljande personuppgifter: Namn E-postadress Telefonnummer [&hellip;]","og_url":"https:\/\/findoor.fi\/sv\/integritetspolicy\/","og_site_name":"FinDoor","article_modified_time":"2025-03-13T07:31:52+00:00","twitter_card":"summary_large_image","twitter_misc":{"Ber\u00e4knad l\u00e4stid":"4 minuter"},"schema":{"@context":"https:\/\/schema.org","@graph":[{"@type":"WebPage","@id":"https:\/\/findoor.fi\/sv\/integritetspolicy\/","url":"https:\/\/findoor.fi\/sv\/integritetspolicy\/","name":"Integritetspolicy - FinDoor","isPartOf":{"@id":"https:\/\/findoor.fi\/sv\/#website"},"datePublished":"2025-03-13T07:14:25+00:00","dateModified":"2025-03-13T07:31:52+00:00","breadcrumb":{"@id":"https:\/\/findoor.fi\/sv\/integritetspolicy\/#breadcrumb"},"inLanguage":"sv-SE","potentialAction":[{"@type":"ReadAction","target":["https:\/\/findoor.fi\/sv\/integritetspolicy\/"]}]},{"@type":"BreadcrumbList","@id":"https:\/\/findoor.fi\/sv\/integritetspolicy\/#breadcrumb","itemListElement":[{"@type":"ListItem","position":1,"name":"Etusivu","item":"https:\/\/findoor.fi\/sv\/"},{"@type":"ListItem","position":2,"name":"Integritetspolicy"}]},{"@type":"WebSite","@id":"https:\/\/findoor.fi\/sv\/#website","url":"https:\/\/findoor.fi\/sv\/","name":"FinDoor","description":"Kest\u00e4v\u00e4t taitto-ovet, karmiovet, liukuovet ja palo-ovet","potentialAction":[{"@type":"SearchAction","target":{"@type":"EntryPoint","urlTemplate":"https:\/\/findoor.fi\/sv\/?s={search_term_string}"},"query-input":{"@type":"PropertyValueSpecification","valueRequired":true,"valueName":"search_term_string"}}],"inLanguage":"sv-SE"}]}},"_links":{"self":[{"href":"https:\/\/findoor.fi\/sv\/wp-json\/wp\/v2\/pages\/4761","targetHints":{"allow":["GET"]}}],"collection":[{"href":"https:\/\/findoor.fi\/sv\/wp-json\/wp\/v2\/pages"}],"about":[{"href":"https:\/\/findoor.fi\/sv\/wp-json\/wp\/v2\/types\/page"}],"author":[{"embeddable":true,"href":"https:\/\/findoor.fi\/sv\/wp-json\/wp\/v2\/users\/2"}],"replies":[{"embeddable":true,"href":"https:\/\/findoor.fi\/sv\/wp-json\/wp\/v2\/comments?post=4761"}],"version-history":[{"count":2,"href":"https:\/\/findoor.fi\/sv\/wp-json\/wp\/v2\/pages\/4761\/revisions"}],"predecessor-version":[{"id":4778,"href":"https:\/\/findoor.fi\/sv\/wp-json\/wp\/v2\/pages\/4761\/revisions\/4778"}],"wp:attachment":[{"href":"https:\/\/findoor.fi\/sv\/wp-json\/wp\/v2\/media?parent=4761"}],"curies":[{"name":"wp","href":"https:\/\/api.w.org\/{rel}","templated":true}]}}